{"id":395,"date":"2021-08-27T12:11:46","date_gmt":"2021-08-27T12:11:46","guid":{"rendered":"http:\/\/dummy.xtemos.com\/woodmart2\/elementor\/?post_type=product&#038;p=395"},"modified":"2023-08-29T16:11:49","modified_gmt":"2023-08-29T16:11:49","slug":"compresora","status":"publish","type":"product","link":"https:\/\/store2.prototipo.digital\/index.php\/producto\/compresora\/","title":{"rendered":"Compresora"},"content":{"rendered":"\t\t<div data-elementor-type=\"wp-post\" data-elementor-id=\"395\" class=\"elementor elementor-395\" data-elementor-post-type=\"product\">\n\t\t\t\t\t\t\t\t\t<section class=\"wd-negative-gap elementor-section elementor-top-section elementor-element elementor-element-5c4d4f1c elementor-section-content-top elementor-section-boxed elementor-section-height-default elementor-section-height-default wd-section-disabled\" data-id=\"5c4d4f1c\" data-element_type=\"section\">\n\t\t\t\t\t\t<div class=\"elementor-container elementor-column-gap-default\">\n\t\t\t\t\t<div class=\"elementor-column elementor-col-100 elementor-top-column elementor-element elementor-element-596d6e65\" data-id=\"596d6e65\" data-element_type=\"column\">\n\t\t\t<div class=\"elementor-widget-wrap elementor-element-populated\">\n\t\t\t\t\t\t\t\t<div class=\"elementor-element elementor-element-21a4c91 elementor-widget elementor-widget-wd_text_block\" data-id=\"21a4c91\" data-element_type=\"widget\" data-widget_type=\"wd_text_block.default\">\n\t\t\t\t<div class=\"elementor-widget-container\">\n\t\t\t\t\t<div class=\"wd-text-block reset-last-child text-left\">\n\t\t\t\n\t\t\t<p>Una \"compresora el\u00e9ctrica\" se refiere a un dispositivo el\u00e9ctrico que se utiliza para comprimir aire u otros gases. Este tipo de dispositivo es com\u00fanmente conocido como \"compresor el\u00e9ctrico\". Los compresores el\u00e9ctricos son ampliamente utilizados en una variedad de aplicaciones, desde inflar neum\u00e1ticos hasta operar herramientas neum\u00e1ticas en talleres y plantas industriales.<\/p><p>Aqu\u00ed hay algunas caracter\u00edsticas y usos comunes de las compresoras el\u00e9ctricas:<\/p><ol><li><p><strong>Inflado de Neum\u00e1ticos<\/strong>: Los compresores el\u00e9ctricos son muy \u00fatiles para inflar neum\u00e1ticos de autom\u00f3viles, bicicletas, motocicletas y otros veh\u00edculos. Son convenientes para tener en casa o llevar en el autom\u00f3vil en caso de emergencia.<\/p><\/li><li><p><strong>Herramientas Neum\u00e1ticas<\/strong>: En entornos industriales y de construcci\u00f3n, los compresores el\u00e9ctricos se utilizan para alimentar herramientas neum\u00e1ticas como pistolas de clavos, taladros, amoladoras y llaves de impacto.<\/p><\/li><li><p><strong>Pintura y Acabado<\/strong>: En talleres de pintura y carrocer\u00eda, los compresores el\u00e9ctricos se utilizan para alimentar pistolas de pintura y equipos de acabado que requieren un suministro constante de aire comprimido.<\/p><\/li><li><p><strong>Limpieza<\/strong>: Los compresores tambi\u00e9n pueden utilizarse para limpiar superficies o equipos con aire a alta presi\u00f3n, como en la limpieza de polvo y suciedad en lugares dif\u00edciles de alcanzar.<\/p><\/li><\/ol>\n\t\t\t\t\t<\/div>\n\t\t\t\t<\/div>\n\t\t\t\t<\/div>\n\t\t\t\t\t<\/div>\n\t\t<\/div>\n\t\t\t\t\t\t\t<\/div>\n\t\t<\/section>\n\t\t\t\t\t\t\t<\/div>\n\t\t","protected":false},"excerpt":{"rendered":"<p>Compresora sustentable con capacidad de carga infinita.<\/p>\n","protected":false},"featured_media":7171,"template":"","meta":[],"product_cat":[20],"product_tag":[],"class_list":["post-395","product","type-product","status-publish","has-post-thumbnail","hentry","product_cat-accesorios"],"_links":{"self":[{"href":"https:\/\/store2.prototipo.digital\/index.php\/wp-json\/wp\/v2\/product\/395","targetHints":{"allow":["GET"]}}],"collection":[{"href":"https:\/\/store2.prototipo.digital\/index.php\/wp-json\/wp\/v2\/product"}],"about":[{"href":"https:\/\/store2.prototipo.digital\/index.php\/wp-json\/wp\/v2\/types\/product"}],"version-history":[{"count":12,"href":"https:\/\/store2.prototipo.digital\/index.php\/wp-json\/wp\/v2\/product\/395\/revisions"}],"predecessor-version":[{"id":16067,"href":"https:\/\/store2.prototipo.digital\/index.php\/wp-json\/wp\/v2\/product\/395\/revisions\/16067"}],"wp:featuredmedia":[{"embeddable":true,"href":"https:\/\/store2.prototipo.digital\/index.php\/wp-json\/wp\/v2\/media\/7171"}],"wp:attachment":[{"href":"https:\/\/store2.prototipo.digital\/index.php\/wp-json\/wp\/v2\/media?parent=395"}],"wp:term":[{"taxonomy":"product_cat","embeddable":true,"href":"https:\/\/store2.prototipo.digital\/index.php\/wp-json\/wp\/v2\/product_cat?post=395"},{"taxonomy":"product_tag","embeddable":true,"href":"https:\/\/store2.prototipo.digital\/index.php\/wp-json\/wp\/v2\/product_tag?post=395"}],"curies":[{"name":"wp","href":"https:\/\/api.w.org\/{rel}","templated":true}]}}