{"id":381,"date":"2021-08-27T12:02:01","date_gmt":"2021-08-27T12:02:01","guid":{"rendered":"http:\/\/dummy.xtemos.com\/woodmart2\/elementor\/?post_type=product&#038;p=381"},"modified":"2023-08-28T22:18:39","modified_gmt":"2023-08-28T22:18:39","slug":"pulidora","status":"publish","type":"product","link":"https:\/\/store2.prototipo.digital\/index.php\/producto\/pulidora\/","title":{"rendered":"Pulidora"},"content":{"rendered":"\t\t<div data-elementor-type=\"wp-post\" data-elementor-id=\"381\" class=\"elementor elementor-381\" data-elementor-post-type=\"product\">\n\t\t\t\t\t\t\t\t\t<section class=\"wd-negative-gap elementor-section elementor-top-section elementor-element elementor-element-ab4ab1d elementor-section-boxed elementor-section-height-default elementor-section-height-default wd-section-disabled\" data-id=\"ab4ab1d\" data-element_type=\"section\">\n\t\t\t\t\t\t<div class=\"elementor-container elementor-column-gap-default\">\n\t\t\t\t\t<div class=\"elementor-column elementor-col-100 elementor-top-column elementor-element elementor-element-55df336\" data-id=\"55df336\" data-element_type=\"column\">\n\t\t\t<div class=\"elementor-widget-wrap elementor-element-populated\">\n\t\t\t\t\t\t\t\t<div class=\"elementor-element elementor-element-f14d410 elementor-widget elementor-widget-wd_text_block\" data-id=\"f14d410\" data-element_type=\"widget\" data-widget_type=\"wd_text_block.default\">\n\t\t\t\t<div class=\"elementor-widget-container\">\n\t\t\t\t\t<div class=\"wd-text-block reset-last-child text-left\">\n\t\t\t\n\t\t\t<p>Una pulidora es una herramienta utilizada para mejorar la apariencia y el acabado de una superficie mediante la eliminaci\u00f3n de imperfecciones, ara\u00f1azos, marcas de desgaste y otros defectos. Las pulidoras funcionan mediante movimientos giratorios o vibracionales que, combinados con almohadillas y productos abrasivos o pulidores, permiten refinar y pulir la superficie deseada. Estas herramientas se utilizan en una variedad de industrias y aplicaciones, incluyendo la automoci\u00f3n, la carpinter\u00eda, la industria del mueble, la joyer\u00eda y el cuidado del hogar.<\/p><p>Hay varios tipos de pulidoras, cada una adaptada a diferentes usos y necesidades:<\/p><ol><li><p><strong>Pulidora de Autom\u00f3viles<\/strong>: Utilizada en la industria automotriz para pulir la carrocer\u00eda del veh\u00edculo y restaurar su brillo original. Puede eliminar ara\u00f1azos superficiales y mejorar la apariencia de la pintura.<\/p><\/li><li><p><strong>Pulidora de Pisos<\/strong>: Utilizada para pulir y abrillantar pisos de madera, baldosas, m\u00e1rmol u otros materiales de suelos. Puede eliminar manchas y marcas de desgaste.<\/p><\/li><li><p><strong>Pulidora de Joyas<\/strong>: Empleada en la industria de la joyer\u00eda para pulir y dar brillo a piezas de joyer\u00eda, como anillos, collares y pulseras.<\/p><\/li><li><p><strong>Pulidora de Metales<\/strong>: Utilizada para pulir y dar brillo a piezas met\u00e1licas, como herramientas, piezas de maquinaria y objetos decorativos.<\/p><\/li><\/ol>\n\t\t\t\t\t<\/div>\n\t\t\t\t<\/div>\n\t\t\t\t<\/div>\n\t\t\t\t\t<\/div>\n\t\t<\/div>\n\t\t\t\t\t\t\t<\/div>\n\t\t<\/section>\n\t\t\t\t\t\t\t<\/div>\n\t\t","protected":false},"excerpt":{"rendered":"<p>Pulidora que contiene sillas de todos los colores.<\/p>\n","protected":false},"featured_media":7170,"template":"","meta":[],"product_cat":[32],"product_tag":[],"class_list":["post-381","product","type-product","status-publish","has-post-thumbnail","hentry","product_cat-pulidoras"],"_links":{"self":[{"href":"https:\/\/store2.prototipo.digital\/index.php\/wp-json\/wp\/v2\/product\/381","targetHints":{"allow":["GET"]}}],"collection":[{"href":"https:\/\/store2.prototipo.digital\/index.php\/wp-json\/wp\/v2\/product"}],"about":[{"href":"https:\/\/store2.prototipo.digital\/index.php\/wp-json\/wp\/v2\/types\/product"}],"version-history":[{"count":9,"href":"https:\/\/store2.prototipo.digital\/index.php\/wp-json\/wp\/v2\/product\/381\/revisions"}],"predecessor-version":[{"id":16028,"href":"https:\/\/store2.prototipo.digital\/index.php\/wp-json\/wp\/v2\/product\/381\/revisions\/16028"}],"wp:featuredmedia":[{"embeddable":true,"href":"https:\/\/store2.prototipo.digital\/index.php\/wp-json\/wp\/v2\/media\/7170"}],"wp:attachment":[{"href":"https:\/\/store2.prototipo.digital\/index.php\/wp-json\/wp\/v2\/media?parent=381"}],"wp:term":[{"taxonomy":"product_cat","embeddable":true,"href":"https:\/\/store2.prototipo.digital\/index.php\/wp-json\/wp\/v2\/product_cat?post=381"},{"taxonomy":"product_tag","embeddable":true,"href":"https:\/\/store2.prototipo.digital\/index.php\/wp-json\/wp\/v2\/product_tag?post=381"}],"curies":[{"name":"wp","href":"https:\/\/api.w.org\/{rel}","templated":true}]}}