{"id":312,"date":"2021-08-26T16:22:24","date_gmt":"2021-08-26T16:22:24","guid":{"rendered":"http:\/\/dummy.xtemos.com\/woodmart2\/elementor\/?post_type=product&#038;p=312"},"modified":"2023-08-28T22:20:27","modified_gmt":"2023-08-28T22:20:27","slug":"pulidora-doble","status":"publish","type":"product","link":"https:\/\/store2.prototipo.digital\/index.php\/producto\/pulidora-doble\/","title":{"rendered":"Pulidora doble"},"content":{"rendered":"\t\t<div data-elementor-type=\"wp-post\" data-elementor-id=\"312\" class=\"elementor elementor-312\" data-elementor-post-type=\"product\">\n\t\t\t\t\t\t\t\t\t<section class=\"wd-negative-gap elementor-section elementor-top-section elementor-element elementor-element-5fd63dd elementor-section-content-top elementor-section-boxed elementor-section-height-default elementor-section-height-default wd-section-disabled\" data-id=\"5fd63dd\" data-element_type=\"section\">\n\t\t\t\t\t\t<div class=\"elementor-container elementor-column-gap-default\">\n\t\t\t\t\t<div class=\"elementor-column elementor-col-100 elementor-top-column elementor-element elementor-element-2f78948a\" data-id=\"2f78948a\" data-element_type=\"column\">\n\t\t\t<div class=\"elementor-widget-wrap elementor-element-populated\">\n\t\t\t\t\t\t\t\t<div class=\"elementor-element elementor-element-16a6f9a elementor-widget elementor-widget-wd_text_block\" data-id=\"16a6f9a\" data-element_type=\"widget\" data-widget_type=\"wd_text_block.default\">\n\t\t\t\t<div class=\"elementor-widget-container\">\n\t\t\t\t\t<div class=\"wd-text-block reset-last-child text-left\">\n\t\t\t\n\t\t\t<p>La pulidora doble se utiliza principalmente para mejorar el acabado de superficies de diversos materiales, como metal, madera, pl\u00e1stico, vidrio y piedra. A trav\u00e9s del proceso de pulido, se eliminan peque\u00f1as imperfecciones, ara\u00f1azos, marcas y otros defectos de la superficie, dej\u00e1ndola suave, brillante y con un aspecto m\u00e1s est\u00e9tico.<\/p><p>El proceso de pulido generalmente implica aplicar un compuesto abrasivo o pulidor en los discos giratorios y luego presionar suavemente la superficie a pulir contra los discos en movimiento. La acci\u00f3n de fricci\u00f3n y abrasi\u00f3n generada por los discos giratorios ayuda a eliminar las capas externas da\u00f1adas o desgastadas de la superficie, revelando una capa m\u00e1s brillante y lisa debajo.<\/p><p>Las pulidoras dobles son ampliamente utilizadas en la industria automotriz, la industria de la joyer\u00eda, la fabricaci\u00f3n de muebles, la restauraci\u00f3n de objetos antiguos y en diversas aplicaciones de artesan\u00eda. Son herramientas valiosas para crear acabados profesionales en diferentes tipos de superficies y materiales.<\/p>\n\t\t\t\t\t<\/div>\n\t\t\t\t<\/div>\n\t\t\t\t<\/div>\n\t\t\t\t\t<\/div>\n\t\t<\/div>\n\t\t\t\t\t\t\t<\/div>\n\t\t<\/section>\n\t\t\t\t\t\t\t<\/div>\n\t\t","protected":false},"excerpt":{"rendered":"<p>Pulidora doble con relojes.<\/p>\n","protected":false},"featured_media":7166,"template":"","meta":[],"product_cat":[32],"product_tag":[],"class_list":["post-312","product","type-product","status-publish","has-post-thumbnail","hentry","product_cat-pulidoras"],"_links":{"self":[{"href":"https:\/\/store2.prototipo.digital\/index.php\/wp-json\/wp\/v2\/product\/312","targetHints":{"allow":["GET"]}}],"collection":[{"href":"https:\/\/store2.prototipo.digital\/index.php\/wp-json\/wp\/v2\/product"}],"about":[{"href":"https:\/\/store2.prototipo.digital\/index.php\/wp-json\/wp\/v2\/types\/product"}],"version-history":[{"count":11,"href":"https:\/\/store2.prototipo.digital\/index.php\/wp-json\/wp\/v2\/product\/312\/revisions"}],"predecessor-version":[{"id":16016,"href":"https:\/\/store2.prototipo.digital\/index.php\/wp-json\/wp\/v2\/product\/312\/revisions\/16016"}],"wp:featuredmedia":[{"embeddable":true,"href":"https:\/\/store2.prototipo.digital\/index.php\/wp-json\/wp\/v2\/media\/7166"}],"wp:attachment":[{"href":"https:\/\/store2.prototipo.digital\/index.php\/wp-json\/wp\/v2\/media?parent=312"}],"wp:term":[{"taxonomy":"product_cat","embeddable":true,"href":"https:\/\/store2.prototipo.digital\/index.php\/wp-json\/wp\/v2\/product_cat?post=312"},{"taxonomy":"product_tag","embeddable":true,"href":"https:\/\/store2.prototipo.digital\/index.php\/wp-json\/wp\/v2\/product_tag?post=312"}],"curies":[{"name":"wp","href":"https:\/\/api.w.org\/{rel}","templated":true}]}}