{"id":300,"date":"2021-08-26T16:17:37","date_gmt":"2021-08-26T16:17:37","guid":{"rendered":"http:\/\/dummy.xtemos.com\/woodmart2\/elementor\/?post_type=product&#038;p=300"},"modified":"2023-08-29T15:52:28","modified_gmt":"2023-08-29T15:52:28","slug":"cortadora-madera","status":"publish","type":"product","link":"https:\/\/store2.prototipo.digital\/index.php\/producto\/cortadora-madera\/","title":{"rendered":"Cortadora para madera"},"content":{"rendered":"\t\t<div data-elementor-type=\"wp-post\" data-elementor-id=\"300\" class=\"elementor elementor-300\" data-elementor-post-type=\"product\">\n\t\t\t\t\t\t\t\t\t<section class=\"wd-negative-gap elementor-section elementor-top-section elementor-element elementor-element-df49968 elementor-section-boxed elementor-section-height-default elementor-section-height-default wd-section-disabled\" data-id=\"df49968\" data-element_type=\"section\">\n\t\t\t\t\t\t<div class=\"elementor-container elementor-column-gap-default\">\n\t\t\t\t\t<div class=\"elementor-column elementor-col-100 elementor-top-column elementor-element elementor-element-66f860d\" data-id=\"66f860d\" data-element_type=\"column\">\n\t\t\t<div class=\"elementor-widget-wrap elementor-element-populated\">\n\t\t\t\t\t\t\t\t<div class=\"elementor-element elementor-element-2a51f7c elementor-widget elementor-widget-wd_text_block\" data-id=\"2a51f7c\" data-element_type=\"widget\" data-widget_type=\"wd_text_block.default\">\n\t\t\t\t<div class=\"elementor-widget-container\">\n\t\t\t\t\t<div class=\"wd-text-block reset-last-child text-left\">\n\t\t\t\n\t\t\t<p>Una cortadora para madera es una herramienta el\u00e9ctrica dise\u00f1ada para cortar y dar forma a la madera de manera eficiente y precisa. Hay varios tipos de cortadoras de madera, cada una adaptada a diferentes aplicaciones y necesidades. Algunos de los tipos m\u00e1s comunes de cortadoras de madera son:<\/p><ol><li><p><strong>Sierra Circular<\/strong>: Esta es una herramienta vers\u00e1til que utiliza una hoja circular giratoria para realizar cortes rectos en madera y otros materiales. Puede ajustarse para diferentes profundidades de corte y \u00e1ngulos.<\/p><\/li><li><p><strong>Sierra de Calar<\/strong>: Tambi\u00e9n conocida como sierra de vaiv\u00e9n, es utilizada para cortes curvos y detallados en madera. Tiene una hoja delgada que se mueve hacia arriba y hacia abajo en un movimiento de vaiv\u00e9n.<\/p><\/li><li><p><strong>Sierra de Inglete<\/strong>: Dise\u00f1ada para cortes precisos en \u00e1ngulo, como cortes en bisel o inglete. Se utiliza com\u00fanmente para hacer marcos y molduras.<\/p><\/li><li><p><strong>Sierra de Mesa<\/strong>: Es una sierra estacionaria con una hoja circular que sobresale a trav\u00e9s de una mesa. Se utiliza para hacer cortes rectos y largos en madera, y es ideal para trabajos de carpinter\u00eda.<\/p><\/li><li><p><strong>Sierra de Cinta<\/strong>: Esta sierra utiliza una cinta dentada que se mueve en un bucle continuo para realizar cortes curvos y otros cortes precisos en madera.<\/p><\/li><li><p><strong>Router<\/strong>: Aunque no es una sierra propiamente dicha, un router se utiliza para dar forma a bordes y superficies de madera. Puede ser utilizado para crear detalles decorativos y perfiles.<\/p><\/li><li><p><strong>Sierra de Cadena de Mano<\/strong>: Tambi\u00e9n conocida como motosierra, se utiliza para cortar madera m\u00e1s gruesa y se utiliza com\u00fanmente en trabajos de tala y construcci\u00f3n.<\/p><\/li><li><p><strong>Sierra de Brazo Radial<\/strong>: Aunque menos com\u00fan en la actualidad, esta sierra estacionaria permite realizar cortes en \u00e1ngulo y longitudinales en madera mediante un brazo radial ajustable.<\/p><\/li><\/ol>\n\t\t\t\t\t<\/div>\n\t\t\t\t<\/div>\n\t\t\t\t<\/div>\n\t\t\t\t\t<\/div>\n\t\t<\/div>\n\t\t\t\t\t\t\t<\/div>\n\t\t<\/section>\n\t\t\t\t\t\t\t<\/div>\n\t\t","protected":false},"excerpt":{"rendered":"<p>Cortadora de madera, contiene mesas elegantes de madera.<\/p>\n","protected":false},"featured_media":7165,"template":"","meta":[],"product_cat":[32],"product_tag":[],"class_list":["post-300","product","type-product","status-publish","has-post-thumbnail","hentry","product_cat-pulidoras"],"_links":{"self":[{"href":"https:\/\/store2.prototipo.digital\/index.php\/wp-json\/wp\/v2\/product\/300","targetHints":{"allow":["GET"]}}],"collection":[{"href":"https:\/\/store2.prototipo.digital\/index.php\/wp-json\/wp\/v2\/product"}],"about":[{"href":"https:\/\/store2.prototipo.digital\/index.php\/wp-json\/wp\/v2\/types\/product"}],"version-history":[{"count":13,"href":"https:\/\/store2.prototipo.digital\/index.php\/wp-json\/wp\/v2\/product\/300\/revisions"}],"predecessor-version":[{"id":16066,"href":"https:\/\/store2.prototipo.digital\/index.php\/wp-json\/wp\/v2\/product\/300\/revisions\/16066"}],"wp:featuredmedia":[{"embeddable":true,"href":"https:\/\/store2.prototipo.digital\/index.php\/wp-json\/wp\/v2\/media\/7165"}],"wp:attachment":[{"href":"https:\/\/store2.prototipo.digital\/index.php\/wp-json\/wp\/v2\/media?parent=300"}],"wp:term":[{"taxonomy":"product_cat","embeddable":true,"href":"https:\/\/store2.prototipo.digital\/index.php\/wp-json\/wp\/v2\/product_cat?post=300"},{"taxonomy":"product_tag","embeddable":true,"href":"https:\/\/store2.prototipo.digital\/index.php\/wp-json\/wp\/v2\/product_tag?post=300"}],"curies":[{"name":"wp","href":"https:\/\/api.w.org\/{rel}","templated":true}]}}