{"id":270,"date":"2021-08-26T14:54:11","date_gmt":"2021-08-26T14:54:11","guid":{"rendered":"http:\/\/dummy.xtemos.com\/woodmart2\/elementor\/?post_type=product&#038;p=270"},"modified":"2023-08-28T22:21:05","modified_gmt":"2023-08-28T22:21:05","slug":"sierra-de-metal","status":"publish","type":"product","link":"https:\/\/store2.prototipo.digital\/index.php\/producto\/sierra-de-metal\/","title":{"rendered":"Sierra de metal"},"content":{"rendered":"\t\t<div data-elementor-type=\"wp-post\" data-elementor-id=\"270\" class=\"elementor elementor-270\" data-elementor-post-type=\"product\">\n\t\t\t\t\t\t\t\t\t<section class=\"wd-negative-gap elementor-section elementor-top-section elementor-element elementor-element-79752fbe wd-section-stretch elementor-section-content-top elementor-section-boxed elementor-section-height-default elementor-section-height-default\" data-id=\"79752fbe\" data-element_type=\"section\" data-settings=\"{&quot;background_background&quot;:&quot;classic&quot;}\">\n\t\t\t\t\t\t<div class=\"elementor-container elementor-column-gap-extended\">\n\t\t\t\t\t<div class=\"elementor-column elementor-col-100 elementor-top-column elementor-element elementor-element-2af8c87b\" data-id=\"2af8c87b\" data-element_type=\"column\">\n\t\t\t<div class=\"elementor-widget-wrap elementor-element-populated\">\n\t\t\t\t\t\t\t\t<div class=\"elementor-element elementor-element-34e43d1 elementor-widget elementor-widget-wd_text_block\" data-id=\"34e43d1\" data-element_type=\"widget\" data-widget_type=\"wd_text_block.default\">\n\t\t\t\t<div class=\"elementor-widget-container\">\n\t\t\t\t\t<div class=\"wd-text-block reset-last-child text-left\">\n\t\t\t\n\t\t\t<p>Una sierra de metal es una herramienta especializada dise\u00f1ada para cortar metal de manera eficiente y precisa. Cortar metal puede ser m\u00e1s desafiante que cortar madera u otros materiales, por lo que las sierras de metal est\u00e1n dise\u00f1adas con caracter\u00edsticas espec\u00edficas para manejar las propiedades \u00fanicas del metal. Aqu\u00ed hay algunos tipos comunes de sierras de metal:<\/p><ol><li><p><strong>Sierra de Cinta para Metal<\/strong>: Esta sierra utiliza una cinta dentada en bucle que se mueve en una direcci\u00f3n para cortar metales ferrosos y no ferrosos. Puede realizar cortes rectos y cortes angulares precisos.<\/p><\/li><li><p><strong>Sierra Circular para Metal<\/strong>: Similar a una sierra circular est\u00e1ndar, pero equipada con una hoja de sierra dise\u00f1ada espec\u00edficamente para cortar metal. Puede realizar cortes rectos en l\u00e1minas de metal y otros materiales.<\/p><\/li><li><p><strong>Sierra de Calar para Metal<\/strong>: Similar a una sierra de calar est\u00e1ndar, pero con una hoja especial para cortar metal. Puede realizar cortes curvos y detallados en l\u00e1minas de metal.<\/p><\/li><li><p><strong>Amoladora Angular o Esmeriladora<\/strong>: Aunque no es una sierra en el sentido tradicional, las amoladoras angulares con discos de corte son ampliamente utilizadas para cortar metal. Los discos de corte abrasivos pueden realizar cortes r\u00e1pidos en metal.<\/p><\/li><li><p><strong>Sierra de Arco<\/strong>: Tambi\u00e9n conocida como sierra de sable, es una sierra manual que se utiliza para cortar tuber\u00edas, barras y otros materiales de metal de forma r\u00e1pida.<\/p><\/li><li><p><strong>Sierra de Metal para Tronzar<\/strong>: Esta sierra estacionaria se utiliza para cortar piezas grandes de metal en longitud. Tiene una hoja que se baja sobre el material para realizar cortes rectos.<\/p><\/li><li><p><strong>Sierra de Metal de Cinta para Tronzar<\/strong>: Similar a la sierra de cinta para metal, pero dise\u00f1ada espec\u00edficamente para cortar metal en piezas m\u00e1s grandes y pesadas.<\/p><\/li><\/ol>\n\t\t\t\t\t<\/div>\n\t\t\t\t<\/div>\n\t\t\t\t<\/div>\n\t\t\t\t\t<\/div>\n\t\t<\/div>\n\t\t\t\t\t\t\t<\/div>\n\t\t<\/section>\n\t\t\t\t\t\t\t<\/div>\n\t\t","protected":false},"excerpt":{"rendered":"<p>Taladro especial para madera de sillas clasicas.<\/p>\n","protected":false},"featured_media":7164,"template":"","meta":[],"product_cat":[32],"product_tag":[],"class_list":["post-270","product","type-product","status-publish","has-post-thumbnail","hentry","product_cat-pulidoras"],"_links":{"self":[{"href":"https:\/\/store2.prototipo.digital\/index.php\/wp-json\/wp\/v2\/product\/270","targetHints":{"allow":["GET"]}}],"collection":[{"href":"https:\/\/store2.prototipo.digital\/index.php\/wp-json\/wp\/v2\/product"}],"about":[{"href":"https:\/\/store2.prototipo.digital\/index.php\/wp-json\/wp\/v2\/types\/product"}],"version-history":[{"count":13,"href":"https:\/\/store2.prototipo.digital\/index.php\/wp-json\/wp\/v2\/product\/270\/revisions"}],"predecessor-version":[{"id":16052,"href":"https:\/\/store2.prototipo.digital\/index.php\/wp-json\/wp\/v2\/product\/270\/revisions\/16052"}],"wp:featuredmedia":[{"embeddable":true,"href":"https:\/\/store2.prototipo.digital\/index.php\/wp-json\/wp\/v2\/media\/7164"}],"wp:attachment":[{"href":"https:\/\/store2.prototipo.digital\/index.php\/wp-json\/wp\/v2\/media?parent=270"}],"wp:term":[{"taxonomy":"product_cat","embeddable":true,"href":"https:\/\/store2.prototipo.digital\/index.php\/wp-json\/wp\/v2\/product_cat?post=270"},{"taxonomy":"product_tag","embeddable":true,"href":"https:\/\/store2.prototipo.digital\/index.php\/wp-json\/wp\/v2\/product_tag?post=270"}],"curies":[{"name":"wp","href":"https:\/\/api.w.org\/{rel}","templated":true}]}}