{"id":232,"date":"2021-08-26T14:39:51","date_gmt":"2021-08-26T14:39:51","guid":{"rendered":"http:\/\/dummy.xtemos.com\/woodmart2\/elementor\/?post_type=product&#038;p=232"},"modified":"2023-08-28T22:10:04","modified_gmt":"2023-08-28T22:10:04","slug":"cortadora-aguda","status":"publish","type":"product","link":"https:\/\/store2.prototipo.digital\/index.php\/producto\/cortadora-aguda\/","title":{"rendered":"Cortadora aguda"},"content":{"rendered":"\t\t<div data-elementor-type=\"wp-post\" data-elementor-id=\"232\" class=\"elementor elementor-232\" data-elementor-post-type=\"product\">\n\t\t\t\t\t\t\t\t\t<section class=\"wd-negative-gap elementor-section elementor-top-section elementor-element elementor-element-50091bc elementor-section-boxed elementor-section-height-default elementor-section-height-default wd-section-disabled\" data-id=\"50091bc\" data-element_type=\"section\">\n\t\t\t\t\t\t<div class=\"elementor-container elementor-column-gap-default\">\n\t\t\t\t\t<div class=\"elementor-column elementor-col-100 elementor-top-column elementor-element elementor-element-f08e081\" data-id=\"f08e081\" data-element_type=\"column\">\n\t\t\t<div class=\"elementor-widget-wrap elementor-element-populated\">\n\t\t\t\t\t\t\t\t<div class=\"elementor-element elementor-element-8c21201 color-scheme-inherit text-left elementor-widget elementor-widget-text-editor\" data-id=\"8c21201\" data-element_type=\"widget\" data-widget_type=\"text-editor.default\">\n\t\t\t\t<div class=\"elementor-widget-container\">\n\t\t\t<style>\/*! elementor - v3.14.0 - 26-06-2023 *\/\n.elementor-widget-text-editor.elementor-drop-cap-view-stacked .elementor-drop-cap{background-color:#69727d;color:#fff}.elementor-widget-text-editor.elementor-drop-cap-view-framed .elementor-drop-cap{color:#69727d;border:3px solid;background-color:transparent}.elementor-widget-text-editor:not(.elementor-drop-cap-view-default) .elementor-drop-cap{margin-top:8px}.elementor-widget-text-editor:not(.elementor-drop-cap-view-default) .elementor-drop-cap-letter{width:1em;height:1em}.elementor-widget-text-editor .elementor-drop-cap{float:left;text-align:center;line-height:1;font-size:50px}.elementor-widget-text-editor .elementor-drop-cap-letter{display:inline-block}<\/style>\t\t\t\t<p>Una cortadora de metal es una herramienta dise\u00f1ada espec\u00edficamente para cortar y dar forma a piezas de metal. Estas herramientas est\u00e1n dise\u00f1adas para manejar la dureza y las caracter\u00edsticas \u00fanicas del metal, permitiendo realizar cortes precisos y eficientes en diferentes tipos de metales. Hay varios tipos de cortadoras de metal, cada una con sus propias caracter\u00edsticas y aplicaciones espec\u00edficas. Algunos ejemplos incluyen:<\/p><ol><li><p><strong>Cizalla para Metal<\/strong>: Utilizada para cortar l\u00e1minas de metal, como acero y aluminio. Funciona aplicando presi\u00f3n para cortar el metal a lo largo de una l\u00ednea recta.<\/p><\/li><li><p><strong>Cortadora de Disco Abrasivo (Amoladora Angular)<\/strong>: Una amoladora angular con un disco de corte abrasivo puede cortar metal mediante fricci\u00f3n. Es \u00fatil para realizar cortes r\u00e1pidos en piezas de metal.<\/p><\/li><li><p><strong>Sierra de Cinta para Metal<\/strong>: Esta sierra utiliza una cinta dentada que se mueve en bucle para cortar metal en una amplia variedad de formas y tama\u00f1os.<\/p><\/li><li><p><strong>Sierra Circular para Metal<\/strong>: Similar a una sierra circular est\u00e1ndar, pero con una hoja de sierra dise\u00f1ada para cortar metal. Es adecuada para cortes rectos y angulares.<\/p><\/li><li><p><strong>Sierra de Corte por Plasma<\/strong>: Utiliza un chorro de plasma caliente para cortar metales conductores. Es com\u00fanmente utilizado en aplicaciones industriales.<\/p><\/li><li><p><strong>Sierra de Corte por L\u00e1ser<\/strong>: Utiliza un l\u00e1ser de alta potencia para cortar metal con gran precisi\u00f3n. Es ideal para trabajos que requieren cortes muy precisos y limpios.<\/p><\/li><li><p><strong>Sierra de Arco de Metal (Sierra de Sable)<\/strong>: Una sierra manual que puede cortar metales mediante un movimiento de vaiv\u00e9n. Se usa para trabajos m\u00e1s peque\u00f1os y no tan precisos.<\/p><\/li><li><p><strong>Cortadora de Metal por Agua (Waterjet)<\/strong>: Utiliza un chorro de agua a alta presi\u00f3n mezclado con abrasivos para cortar metal. Es adecuada para una amplia gama de materiales y espesores.<\/p><\/li><li><p><strong>Cortadora de Metal por Hilo (EDM)<\/strong>: Emplea descargas el\u00e9ctricas para erosionar el metal y crear cortes precisos en materiales duros.<\/p><\/li><\/ol>\t\t\t\t\t\t<\/div>\n\t\t\t\t<\/div>\n\t\t\t\t\t<\/div>\n\t\t<\/div>\n\t\t\t\t\t\t\t<\/div>\n\t\t<\/section>\n\t\t\t\t\t\t\t<\/div>\n\t\t","protected":false},"excerpt":{"rendered":"<p>Cortadora para sillas de aspas m\u00e1s gruesas y fuertes.<\/p>\n","protected":false},"featured_media":7163,"template":"","meta":[],"product_cat":[32],"product_tag":[],"class_list":["post-232","product","type-product","status-publish","has-post-thumbnail","hentry","product_cat-pulidoras"],"_links":{"self":[{"href":"https:\/\/store2.prototipo.digital\/index.php\/wp-json\/wp\/v2\/product\/232","targetHints":{"allow":["GET"]}}],"collection":[{"href":"https:\/\/store2.prototipo.digital\/index.php\/wp-json\/wp\/v2\/product"}],"about":[{"href":"https:\/\/store2.prototipo.digital\/index.php\/wp-json\/wp\/v2\/types\/product"}],"version-history":[{"count":15,"href":"https:\/\/store2.prototipo.digital\/index.php\/wp-json\/wp\/v2\/product\/232\/revisions"}],"predecessor-version":[{"id":16056,"href":"https:\/\/store2.prototipo.digital\/index.php\/wp-json\/wp\/v2\/product\/232\/revisions\/16056"}],"wp:featuredmedia":[{"embeddable":true,"href":"https:\/\/store2.prototipo.digital\/index.php\/wp-json\/wp\/v2\/media\/7163"}],"wp:attachment":[{"href":"https:\/\/store2.prototipo.digital\/index.php\/wp-json\/wp\/v2\/media?parent=232"}],"wp:term":[{"taxonomy":"product_cat","embeddable":true,"href":"https:\/\/store2.prototipo.digital\/index.php\/wp-json\/wp\/v2\/product_cat?post=232"},{"taxonomy":"product_tag","embeddable":true,"href":"https:\/\/store2.prototipo.digital\/index.php\/wp-json\/wp\/v2\/product_tag?post=232"}],"curies":[{"name":"wp","href":"https:\/\/api.w.org\/{rel}","templated":true}]}}