{"id":3,"date":"2023-07-19T18:28:15","date_gmt":"2023-07-19T18:28:15","guid":{"rendered":"https:\/\/store2.prototipo.digital\/?page_id=3"},"modified":"2023-08-04T20:24:40","modified_gmt":"2023-08-04T20:24:40","slug":"politicas-de-privacidad","status":"publish","type":"page","link":"https:\/\/store2.prototipo.digital\/index.php\/politicas-de-privacidad\/","title":{"rendered":"Pol\u00edtica de privacidad"},"content":{"rendered":"\n<p>Estimado Cliente:<\/p>\n\n\n\n<p>Tresesenta estrategia digital&nbsp;recolecta informaci\u00f3n personal de sus clientes con fines promocionales exclusivamente y los medios de contacto, previa autorizaci\u00f3n de los clientes, son e-mail, sms y correo directo. La informaci\u00f3n de los clientes se recolecta a trav\u00e9s de rifas y concursos en tiendas, registro en p\u00e1gina web, registro en el punto de venta y actividades con seguidores de la marca en redes sociales.<\/p>\n\n\n\n<p>Las comunicaciones que se enviar\u00e1n a los clientes ser\u00e1n correos electr\u00f3nicos de bienvenida a la base de datos de&nbsp;Tresesenta estrategia digital&nbsp;newsletter con informaci\u00f3n del producto, mensajes de cumplea\u00f1os, informaci\u00f3n sobre eventos especiales y din\u00e1micas promocionales, mensajes en fechas especiales y otros que impliquen informaci\u00f3n de producto o promoci\u00f3n.<\/p>\n\n\n\n<p>La informaci\u00f3n de los clientes no se utilizar\u00e1 para ning\u00fan fin diferente a los anteriormente mencionados y ser\u00e1 de uso exclusivo de&nbsp;Tresesenta estrategia digital<\/p>\n\n\n\n<p>Todos los correos electr\u00f3nicos incluyen la opci\u00f3n de desafiliaci\u00f3n al recibo de correos electr\u00f3nicos mediante la cual el cliente puede renunciar a recibir informaci\u00f3n futura por esta v\u00eda. La desafiliaci\u00f3n a otros canales se debe hacer por los canales de atenci\u00f3n al cliente.<\/p>\n\n\n\n<p>Para mayor informaci\u00f3n puede contactarse con servicio al cliente al correo:&nbsp;<a href=\"mailto:soporte@tresesenta.mx\">soporte@tresesenta.mx<\/a>&nbsp;o a nuestras l\u00ednea de servicio al cliente a nivel nacional al&nbsp;<a href=\"http:\/\/tel:8122357398\/\">(81) 2235-7398<\/a>&nbsp;Direcci\u00f3n: Talia 384 , Col. Contry Tesoro Monterrey, N.L. M\u00e9xico.<\/p>\n","protected":false},"excerpt":{"rendered":"<p>Estimado Cliente: Tresesenta estrategia digital&nbsp;recolecta informaci\u00f3n personal de sus clientes con fines promocionales exclusivamente y los medios de contacto, previa<\/p>\n","protected":false},"author":1,"featured_media":0,"parent":0,"menu_order":0,"comment_status":"closed","ping_status":"open","template":"","meta":{"footnotes":""},"class_list":["post-3","page","type-page","status-publish","hentry"],"_links":{"self":[{"href":"https:\/\/store2.prototipo.digital\/index.php\/wp-json\/wp\/v2\/pages\/3","targetHints":{"allow":["GET"]}}],"collection":[{"href":"https:\/\/store2.prototipo.digital\/index.php\/wp-json\/wp\/v2\/pages"}],"about":[{"href":"https:\/\/store2.prototipo.digital\/index.php\/wp-json\/wp\/v2\/types\/page"}],"author":[{"embeddable":true,"href":"https:\/\/store2.prototipo.digital\/index.php\/wp-json\/wp\/v2\/users\/1"}],"replies":[{"embeddable":true,"href":"https:\/\/store2.prototipo.digital\/index.php\/wp-json\/wp\/v2\/comments?post=3"}],"version-history":[{"count":1,"href":"https:\/\/store2.prototipo.digital\/index.php\/wp-json\/wp\/v2\/pages\/3\/revisions"}],"predecessor-version":[{"id":15881,"href":"https:\/\/store2.prototipo.digital\/index.php\/wp-json\/wp\/v2\/pages\/3\/revisions\/15881"}],"wp:attachment":[{"href":"https:\/\/store2.prototipo.digital\/index.php\/wp-json\/wp\/v2\/media?parent=3"}],"curies":[{"name":"wp","href":"https:\/\/api.w.org\/{rel}","templated":true}]}}