{"id":12,"date":"2023-08-04T20:32:03","date_gmt":"2023-08-04T20:32:03","guid":{"rendered":"https:\/\/store2.prototipo.digital\/?page_id=12"},"modified":"2023-08-04T20:32:22","modified_gmt":"2023-08-04T20:32:22","slug":"politica-envio","status":"publish","type":"page","link":"https:\/\/store2.prototipo.digital\/index.php\/politica-envio\/","title":{"rendered":"Pol\u00edtica de Env\u00edo"},"content":{"rendered":"\n<p>Tresesenta estrategia digital te lleva tu pedido a la direcci\u00f3n que desees entre 2 y 6 d\u00edas h\u00e1biles, brind\u00e1ndote una cobertura Nacional, a trav\u00e9s de Estafeta.<\/p>\n\n\n\n<p>Env\u00edo gratis por compras superiores a $2,000<br><strong><br>Plazos de entrega<\/strong><br>La entrega se realizar\u00e1 en la direcci\u00f3n indicada en el momento del checkout a cualquier persona responsable y mayor de edad que se encuentre en el domicilio en el momento de la entrega.<\/p>\n\n\n\n<p>El plazo de entrega para Monterrey y \u00e1rea metropolitana es de 2 d\u00edas h\u00e1biles, para ciudades principales el plazo de entrega es de 3 d\u00edas h\u00e1biles y para el resto del pa\u00eds, entregamos tu pedido en un plazo de hasta 6 d\u00edas h\u00e1biles. El plazo de entrega comenzar\u00e1 a contar a partir de la confirmaci\u00f3n de la compra, para pagos online deber\u00e1 aprobar la transacci\u00f3n de acuerdo con el an\u00e1lisis de los datos, lo cual puede tardar un d\u00eda h\u00e1bil.<\/p>\n\n\n\n<ul class=\"wp-block-list\">\n<li>Si tu compra es confirmada antes de las 3p.m. de lunes a viernes, el primer d\u00eda h\u00e1bil es el d\u00eda en que realizas la compra y desde ese d\u00eda empezar\u00e1 a contar el tiempo de entrega.<\/li>\n\n\n\n<li>Si tu compra es confirmada despu\u00e9s de las 3p.m, el tiempo de entrega empezar\u00e1 a contar a partir del siguiente d\u00eda h\u00e1bil de confirmaci\u00f3n de tu compra.<\/li>\n\n\n\n<li>Si realiza una compra un s\u00e1bado, domingo o festivo, el tiempo de entrega empezar\u00e1 a contar a partir del siguiente d\u00eda h\u00e1bil de confirmaci\u00f3n de tu compra.<\/li>\n<\/ul>\n\n\n\n<p>Si al momento de recibir tu pedido notas alguna novedad en el empaque o estado del mismo, esta se debe registrar en el campo de observaciones de la gu\u00eda de transporte.\u201d<\/p>\n","protected":false},"excerpt":{"rendered":"<p>Tresesenta estrategia digital te lleva tu pedido a la direcci\u00f3n que desees entre 2 y 6 d\u00edas h\u00e1biles, brind\u00e1ndote una<\/p>\n","protected":false},"author":1,"featured_media":0,"parent":0,"menu_order":0,"comment_status":"closed","ping_status":"closed","template":"","meta":{"footnotes":""},"class_list":["post-12","page","type-page","status-publish","hentry"],"_links":{"self":[{"href":"https:\/\/store2.prototipo.digital\/index.php\/wp-json\/wp\/v2\/pages\/12","targetHints":{"allow":["GET"]}}],"collection":[{"href":"https:\/\/store2.prototipo.digital\/index.php\/wp-json\/wp\/v2\/pages"}],"about":[{"href":"https:\/\/store2.prototipo.digital\/index.php\/wp-json\/wp\/v2\/types\/page"}],"author":[{"embeddable":true,"href":"https:\/\/store2.prototipo.digital\/index.php\/wp-json\/wp\/v2\/users\/1"}],"replies":[{"embeddable":true,"href":"https:\/\/store2.prototipo.digital\/index.php\/wp-json\/wp\/v2\/comments?post=12"}],"version-history":[{"count":1,"href":"https:\/\/store2.prototipo.digital\/index.php\/wp-json\/wp\/v2\/pages\/12\/revisions"}],"predecessor-version":[{"id":15885,"href":"https:\/\/store2.prototipo.digital\/index.php\/wp-json\/wp\/v2\/pages\/12\/revisions\/15885"}],"wp:attachment":[{"href":"https:\/\/store2.prototipo.digital\/index.php\/wp-json\/wp\/v2\/media?parent=12"}],"curies":[{"name":"wp","href":"https:\/\/api.w.org\/{rel}","templated":true}]}}